{"id":24,"date":"2021-03-17T10:50:21","date_gmt":"2021-03-17T09:50:21","guid":{"rendered":"http:\/\/www.vecteursud.com\/conseil\/?page_id=24"},"modified":"2021-03-17T10:50:21","modified_gmt":"2021-03-17T09:50:21","slug":"accueil","status":"publish","type":"page","link":"https:\/\/www.vecteursud.com\/conseil\/","title":{"rendered":"Accueil"},"content":{"rendered":"<p>[et_pb_section fb_built=&#8221;1&#8243; admin_label=&#8221;Global&#8221; _builder_version=&#8221;4.9.2&#8243; _module_preset=&#8221;default&#8221; background_color=&#8221;RGBA(0,0,0,0)&#8221; background_enable_image=&#8221;off&#8221; custom_margin=&#8221;0px||0px||true|false&#8221; custom_padding=&#8221;0px||0px||true|false&#8221; collapsed=&#8221;off&#8221;][et_pb_row admin_label=&#8221;Header&#8221; _builder_version=&#8221;4.9.2&#8243; _module_preset=&#8221;default&#8221; background_color=&#8221;#FFFFFF&#8221; custom_padding=&#8221;40px|20px|40px|20px|true|true&#8221; collapsed=&#8221;off&#8221;][et_pb_column type=&#8221;4_4&#8243; _builder_version=&#8221;4.9.2&#8243; _module_preset=&#8221;default&#8221; background_enable_color=&#8221;off&#8221;][et_pb_slider show_pagination=&#8221;off&#8221; use_bg_overlay=&#8221;off&#8221; use_text_overlay=&#8221;off&#8221; _builder_version=&#8221;4.9.2&#8243; _module_preset=&#8221;default&#8221; max_width=&#8221;920px&#8221; max_width_last_edited=&#8221;off|phone&#8221; module_alignment=&#8221;center&#8221; height=&#8221;336px&#8221; custom_margin=&#8221;||||false|false&#8221; custom_padding=&#8221;|0px||0px|false|true&#8221; animation_style=&#8221;fade&#8221; auto=&#8221;on&#8221;][et_pb_slide _builder_version=&#8221;4.9.2&#8243; _module_preset=&#8221;default&#8221; background_enable_color=&#8221;off&#8221; background_image=&#8221;https:\/\/www.vecteursud.com\/conseil\/wp-content\/uploads\/2021\/03\/ima-accueil01.jpg&#8221; background_enable_image=&#8221;on&#8221; background_size=&#8221;initial&#8221; custom_padding=&#8221;120px||120px||true|false&#8221; sticky_transition=&#8221;on&#8221;][\/et_pb_slide][et_pb_slide _builder_version=&#8221;4.9.2&#8243; _module_preset=&#8221;default&#8221; background_enable_color=&#8221;off&#8221; background_image=&#8221;https:\/\/www.vecteursud.com\/conseil\/wp-content\/uploads\/2021\/03\/ima-accueil02.jpg&#8221; background_enable_image=&#8221;on&#8221; sticky_transition=&#8221;on&#8221;][\/et_pb_slide][et_pb_slide _builder_version=&#8221;4.9.2&#8243; _module_preset=&#8221;default&#8221; background_enable_color=&#8221;off&#8221; background_image=&#8221;https:\/\/www.vecteursud.com\/conseil\/wp-content\/uploads\/2021\/03\/ima-accueil03.jpg&#8221; background_enable_image=&#8221;on&#8221; background_size=&#8221;initial&#8221; sticky_transition=&#8221;on&#8221;][\/et_pb_slide][et_pb_slide _builder_version=&#8221;4.9.2&#8243; _module_preset=&#8221;default&#8221; background_enable_color=&#8221;off&#8221; background_image=&#8221;https:\/\/www.vecteursud.com\/conseil\/wp-content\/uploads\/2021\/03\/ima-accueil04.jpg&#8221; background_enable_image=&#8221;on&#8221; background_size=&#8221;initial&#8221; sticky_transition=&#8221;on&#8221;][\/et_pb_slide][\/et_pb_slider][\/et_pb_column][\/et_pb_row][et_pb_row column_structure=&#8221;1_2,1_2&#8243; admin_label=&#8221;Contenu&#8221; _builder_version=&#8221;4.9.2&#8243; _module_preset=&#8221;default&#8221; background_color=&#8221;#FFFFFF&#8221; custom_margin=&#8221;||||false|true&#8221; custom_padding=&#8221;50px|50px|50px|50px|true|true&#8221; collapsed=&#8221;off&#8221;][et_pb_column type=&#8221;1_2&#8243; _builder_version=&#8221;4.9.2&#8243; _module_preset=&#8221;default&#8221;][et_pb_image src=&#8221;https:\/\/www.vecteursud.com\/conseil\/wp-content\/uploads\/2021\/03\/t-accueil.png&#8221; title_text=&#8221;t-accueil&#8221; _builder_version=&#8221;4.9.2&#8243; _module_preset=&#8221;default&#8221;][\/et_pb_image][\/et_pb_column][et_pb_column type=&#8221;1_2&#8243; _builder_version=&#8221;4.9.2&#8243; _module_preset=&#8221;default&#8221;][et_pb_text _builder_version=&#8221;4.9.2&#8243; _module_preset=&#8221;default&#8221; text_font=&#8221;Arial||||||||&#8221; hover_enabled=&#8221;0&#8243; header_2_font_size=&#8221;16px&#8221; header_2_line_height=&#8221;1.2em&#8221; sticky_enabled=&#8221;0&#8243;]<\/p>\n<h2><strong>Vecteur Sud assure les prestations suivantes :<\/strong><\/h2>\n<p>\u2022 Etudes d\u2019implantations h\u00f4teli\u00e8res et touristiques<br \/>\u2022 Assistance technique \u00e0 l\u2019ouverture et la mise en exploitation<br \/>\u2022 Gestion d\u2019\u00e9tablissements h\u00f4teliers (ouvertures, redressements, audits-diagnostics de sites)<br \/>\u2022 Assistance sur analyse des co\u00fbts de maintenance et d\u2019\u00e9quipements<br \/>\u2022 Organisation de modules de formation \/ Coaching en h\u00f4tellerie restauration<br \/>\u2022 Recrutement h\u00f4tellerie \u2013 restauration<br \/>\u2022 Cellules de reclassements<br \/>\u2022 Contr\u00f4le qualit\u00e9<br \/>\u2022 Agent de soci\u00e9t\u00e9 \u00e9trang\u00e8re d\u2019int\u00e9rim.<\/p>\n<p>[\/et_pb_text][\/et_pb_column][\/et_pb_row][et_pb_row admin_label=&#8221;R\u00e9f\u00e9rencement&#8221; _builder_version=&#8221;4.9.2&#8243; _module_preset=&#8221;default&#8221; background_color=&#8221;#FFFFFF&#8221; collapsed=&#8221;off&#8221;][et_pb_column type=&#8221;4_4&#8243; _builder_version=&#8221;4.9.2&#8243; _module_preset=&#8221;default&#8221;][et_pb_text _builder_version=&#8221;4.9.2&#8243; _module_preset=&#8221;default&#8221; text_font=&#8221;Arial||||||||&#8221; text_font_size=&#8221;12px&#8221; text_line_height=&#8221;1.2em&#8221; custom_margin=&#8221;|25px||25px|false|true&#8221;]<\/p>\n<p>\u2022 Analyses of site and its potential \u2022 Market survey \u2022 Feasibility Study \u2022 Detailled planning \u2022 Investment budget, \u2022 Assistance seeking sources of finance \u2022 Equipment procurement \u2022 Setting up management procedures \u2022 Specification of hotels equipments (rating, preparation of budgets, ensuring adequacy to hotels standards), \u2022 Recruiting and training of personnel (Productivity, performance, customer services, management)\u2026<\/p>\n<p>[\/et_pb_text][\/et_pb_column][\/et_pb_row][\/et_pb_section]<\/p>\n","protected":false},"excerpt":{"rendered":"<p>[et_pb_section fb_built=&#8221;1&#8243; admin_label=&#8221;Global&#8221; _builder_version=&#8221;4.9.2&#8243; _module_preset=&#8221;default&#8221; background_color=&#8221;RGBA(0,0,0,0)&#8221; background_enable_image=&#8221;off&#8221; custom_margin=&#8221;0px||0px||true|false&#8221; custom_padding=&#8221;0px||0px||true|false&#8221; collapsed=&#8221;off&#8221;][et_pb_row admin_label=&#8221;Header&#8221; _builder_version=&#8221;4.9.2&#8243; _module_preset=&#8221;default&#8221; background_color=&#8221;#FFFFFF&#8221; custom_padding=&#8221;40px|20px|40px|20px|true|true&#8221; collapsed=&#8221;off&#8221;][et_pb_column type=&#8221;4_4&#8243; _builder_version=&#8221;4.9.2&#8243; _module_preset=&#8221;default&#8221; background_enable_color=&#8221;off&#8221;][et_pb_slider show_pagination=&#8221;off&#8221; use_bg_overlay=&#8221;off&#8221; use_text_overlay=&#8221;off&#8221; _builder_version=&#8221;4.9.2&#8243; _module_preset=&#8221;default&#8221; max_width=&#8221;920px&#8221; max_width_last_edited=&#8221;off|phone&#8221; module_alignment=&#8221;center&#8221; height=&#8221;336px&#8221; custom_margin=&#8221;||||false|false&#8221; custom_padding=&#8221;|0px||0px|false|true&#8221; animation_style=&#8221;fade&#8221; auto=&#8221;on&#8221;][et_pb_slide _builder_version=&#8221;4.9.2&#8243; _module_preset=&#8221;default&#8221; background_enable_color=&#8221;off&#8221; background_image=&#8221;https:\/\/www.vecteursud.com\/conseil\/wp-content\/uploads\/2021\/03\/ima-accueil01.jpg&#8221; background_enable_image=&#8221;on&#8221; background_size=&#8221;initial&#8221; custom_padding=&#8221;120px||120px||true|false&#8221; sticky_transition=&#8221;on&#8221;][\/et_pb_slide][et_pb_slide _builder_version=&#8221;4.9.2&#8243; _module_preset=&#8221;default&#8221; background_enable_color=&#8221;off&#8221; background_image=&#8221;https:\/\/www.vecteursud.com\/conseil\/wp-content\/uploads\/2021\/03\/ima-accueil02.jpg&#8221; background_enable_image=&#8221;on&#8221; sticky_transition=&#8221;on&#8221;][\/et_pb_slide][et_pb_slide _builder_version=&#8221;4.9.2&#8243; _module_preset=&#8221;default&#8221; background_enable_color=&#8221;off&#8221; background_image=&#8221;https:\/\/www.vecteursud.com\/conseil\/wp-content\/uploads\/2021\/03\/ima-accueil03.jpg&#8221; background_enable_image=&#8221;on&#8221; background_size=&#8221;initial&#8221; sticky_transition=&#8221;on&#8221;][\/et_pb_slide][et_pb_slide _builder_version=&#8221;4.9.2&#8243; [&hellip;]<\/p>\n","protected":false},"author":2,"featured_media":0,"parent":0,"menu_order":0,"comment_status":"closed","ping_status":"closed","template":"","meta":{"_et_pb_use_builder":"on","_et_pb_old_content":"","_et_gb_content_width":"","footnotes":""},"class_list":["post-24","page","type-page","status-publish","hentry"],"yoast_head":"<!-- This site is optimized with the Yoast SEO plugin v16.0.1 - https:\/\/yoast.com\/wordpress\/plugins\/seo\/ -->\n<title>Accueil - Vecteur Sud - Conseil et Assistance Op\u00e9rationnelle en Tourisme et H\u00f4tellerie<\/title>\n<meta name=\"description\" content=\"Vecteur Sud - Consulting h\u00f4telier assure l&#039;audit qualit\u00e9, l&#039;\u00e9tude d\u2019implantation d\u2019un h\u00f4tel, les donn\u00e9es de l\u2019h\u00f4tellerie, la cr\u00e9ation de concepts h\u00f4teliers...\" \/>\n<link rel=\"canonical\" href=\"https:\/\/www.vecteursud.com\/conseil\/\" \/>\n<meta property=\"og:locale\" content=\"fr_FR\" \/>\n<meta property=\"og:type\" content=\"article\" \/>\n<meta property=\"og:title\" content=\"Accueil - Vecteur Sud - Conseil et Assistance Op\u00e9rationnelle en Tourisme et H\u00f4tellerie\" \/>\n<meta property=\"og:description\" content=\"Vecteur Sud - Consulting h\u00f4telier assure l&#039;audit qualit\u00e9, l&#039;\u00e9tude d\u2019implantation d\u2019un h\u00f4tel, les donn\u00e9es de l\u2019h\u00f4tellerie, la cr\u00e9ation de concepts h\u00f4teliers...\" \/>\n<meta property=\"og:url\" content=\"https:\/\/www.vecteursud.com\/conseil\/\" \/>\n<meta property=\"og:site_name\" content=\"Vecteur Sud - Conseil et Assistance Op\u00e9rationnelle en Tourisme et H\u00f4tellerie\" \/>\n<meta name=\"twitter:card\" content=\"summary_large_image\" \/>\n<meta name=\"twitter:label1\" content=\"Dur\u00e9e de lecture est.\">\n\t<meta name=\"twitter:data1\" content=\"3 minutes\">\n<script type=\"application\/ld+json\" class=\"yoast-schema-graph\">{\"@context\":\"https:\/\/schema.org\",\"@graph\":[{\"@type\":\"WebSite\",\"@id\":\"https:\/\/www.vecteursud.com\/conseil\/#website\",\"url\":\"https:\/\/www.vecteursud.com\/conseil\/\",\"name\":\"Vecteur Sud - Conseil et Assistance Op\\u00e9rationnelle en Tourisme et H\\u00f4tellerie\",\"description\":\"\",\"potentialAction\":[{\"@type\":\"SearchAction\",\"target\":\"https:\/\/www.vecteursud.com\/conseil\/?s={search_term_string}\",\"query-input\":\"required name=search_term_string\"}],\"inLanguage\":\"fr-FR\"},{\"@type\":\"WebPage\",\"@id\":\"https:\/\/www.vecteursud.com\/conseil\/#webpage\",\"url\":\"https:\/\/www.vecteursud.com\/conseil\/\",\"name\":\"Accueil - Vecteur Sud - Conseil et Assistance Op\\u00e9rationnelle en Tourisme et H\\u00f4tellerie\",\"isPartOf\":{\"@id\":\"https:\/\/www.vecteursud.com\/conseil\/#website\"},\"datePublished\":\"2021-03-17T09:50:21+00:00\",\"dateModified\":\"2021-03-17T09:50:21+00:00\",\"description\":\"Vecteur Sud - Consulting h\\u00f4telier assure l'audit qualit\\u00e9, l'\\u00e9tude d\\u2019implantation d\\u2019un h\\u00f4tel, les donn\\u00e9es de l\\u2019h\\u00f4tellerie, la cr\\u00e9ation de concepts h\\u00f4teliers...\",\"breadcrumb\":{\"@id\":\"https:\/\/www.vecteursud.com\/conseil\/#breadcrumb\"},\"inLanguage\":\"fr-FR\",\"potentialAction\":[{\"@type\":\"ReadAction\",\"target\":[\"https:\/\/www.vecteursud.com\/conseil\/\"]}]},{\"@type\":\"BreadcrumbList\",\"@id\":\"https:\/\/www.vecteursud.com\/conseil\/#breadcrumb\",\"itemListElement\":[{\"@type\":\"ListItem\",\"position\":1,\"item\":{\"@type\":\"WebPage\",\"@id\":\"https:\/\/www.vecteursud.com\/conseil\/\",\"url\":\"https:\/\/www.vecteursud.com\/conseil\/\",\"name\":\"Accueil\"}},{\"@type\":\"ListItem\",\"position\":2,\"item\":{\"@type\":\"WebPage\",\"@id\":\"https:\/\/www.vecteursud.com\/conseil\/\",\"url\":\"https:\/\/www.vecteursud.com\/conseil\/\",\"name\":\"Accueil\"}}]}]}<\/script>\n<!-- \/ Yoast SEO plugin. -->","_links":{"self":[{"href":"https:\/\/www.vecteursud.com\/conseil\/wp-json\/wp\/v2\/pages\/24","targetHints":{"allow":["GET"]}}],"collection":[{"href":"https:\/\/www.vecteursud.com\/conseil\/wp-json\/wp\/v2\/pages"}],"about":[{"href":"https:\/\/www.vecteursud.com\/conseil\/wp-json\/wp\/v2\/types\/page"}],"author":[{"embeddable":true,"href":"https:\/\/www.vecteursud.com\/conseil\/wp-json\/wp\/v2\/users\/2"}],"replies":[{"embeddable":true,"href":"https:\/\/www.vecteursud.com\/conseil\/wp-json\/wp\/v2\/comments?post=24"}],"version-history":[{"count":62,"href":"https:\/\/www.vecteursud.com\/conseil\/wp-json\/wp\/v2\/pages\/24\/revisions"}],"predecessor-version":[{"id":312,"href":"https:\/\/www.vecteursud.com\/conseil\/wp-json\/wp\/v2\/pages\/24\/revisions\/312"}],"wp:attachment":[{"href":"https:\/\/www.vecteursud.com\/conseil\/wp-json\/wp\/v2\/media?parent=24"}],"curies":[{"name":"wp","href":"https:\/\/api.w.org\/{rel}","templated":true}]}}